{"id":711,"date":"2024-08-21T23:33:32","date_gmt":"2024-08-21T16:33:32","guid":{"rendered":"https:\/\/gara2.uxthemes.net\/?post_type=product&#038;p=711"},"modified":"2024-08-21T23:35:57","modified_gmt":"2024-08-21T16:35:57","slug":"tem-xe-yamaha-pg-1-pg1-01","status":"publish","type":"product","link":"https:\/\/gara2.uxthemes.net\/?product=tem-xe-yamaha-pg-1-pg1-01","title":{"rendered":"Tem Xe Yamaha PG-1 | PG1-01"},"content":{"rendered":"<h2>\u01afu \u0111i\u1ec3m c\u1ee7a tem xe PG-1<\/h2>\n<ul>\n<li>Ch\u1ea5t li\u1ec7u PVC c\u00e1n m\u00e0ng b\u00f3ng ch\u1ed1ng n\u01b0\u1edbc, ch\u1ed1ng phai m\u00e0u nhi\u1ec1u n\u0103m.<\/li>\n<li>D\u1ec5 d\u00e1n t\u1ea1i nh\u00e0 &#8211; tem \u0111\u00e3 \u0111\u01b0\u1ee3c c\u1eaft khu\u00f4n CNC s\u1eb5n b\u1eb1ng m\u00e1y.<\/li>\n<li>B\u00e1m d\u00ednh ch\u1eafc ch\u1eafn, ch\u1ea5t keo cao c\u1ea5p kh\u00f4ng \u0111\u1ec3 l\u1ea1i v\u1ebft b\u00e1m khi g\u1ee1 b\u1ecf.<\/li>\n<li>\u0110a d\u1ea1ng m\u00e0u s\u1eafc, h\u1ed7 tr\u1ee3 \u0111\u1ed5i m\u00e0u theo y\u00eau c\u1ea7u.<\/li>\n<\/ul>\n<p>&gt;&gt; Xem th\u00eam:\u00a0C\u00e1c m\u1eabu tem xe Yamaha PG-1 \u0111\u1eb9p nh\u1ea5t<\/p>\n<h2>H\u01b0\u1edbng d\u1eabn t\u1ef1 d\u00e1n tem xe Yamaha PG-1 t\u1ea1i nh\u00e0<\/h2>\n<p>C\u00e1c d\u1ee5ng c\u1ee5 c\u1ea7n chu\u1ea9n b\u1ecb bao g\u1ed3m: m\u00e1y s\u1ea5y (ho\u1eb7c b\u1eadt l\u1eeda), th\u1ebb g\u1ea1t tem, kh\u0103n v\u1ec7 sinh, k\u00e9o (ho\u1eb7c dao r\u1ecdc gi\u1ea5y).<\/p>\n<ul>\n<li>B\u01b0\u1edbc 1: L\u00e0m s\u1ea1ch b\u1ec1 m\u1eb7t v\u1ecb tr\u00ed c\u1ea7n d\u00e1n.<\/li>\n<li>B\u01b0\u1edbc 2: Chia nh\u1ecf b\u1ed9 tem th\u00e0nh t\u1eebng ph\u1ea7n \u0111\u1ec3 d\u1ec5 d\u00e1n h\u01a1n.<\/li>\n<li>B\u01b0\u1edbc 2: Tem PG-1 \u0111\u00e3 c\u1eaft s\u1eb5n n\u00ean c\u00e1c b\u1ea1n ch\u1ec9 vi\u1ec7c l\u1ed9t keo ra v\u00e0 d\u00e1n l\u00ean v\u1ecb tr\u00ed ph\u00f9 h\u1ee3p tr\u00ean xe.<\/li>\n<li>B\u01b0\u1edbc 3: D\u00f9ng tay mi\u1ebft tem\u00a0\u0111\u1ec3 tem xe d\u00ednh \u0111\u1ec1u l\u00ean b\u1ec1 m\u1eb7t. D\u00e1n \u0111\u1ebfn \u0111\u00e2u b\u00f3c \u0111\u1ebfn \u0111\u00f3 \u0111\u1ec3 tr\u00e1nh b\u00f3ng kh\u00ed.<\/li>\n<li>B\u01b0\u1edbc 4: D\u00f9ng m\u00e1y s\u1ea5y t\u00f3c, ho\u1eb7c b\u1eadt l\u1eeda h\u01a1 v\u00e0 mi\u1ebft \u0111\u1ec3 keo b\u00e1m d\u00ednh ch\u1eafc ch\u1eafn h\u01a1n.<\/li>\n<\/ul>\n<p><strong>Cam k\u1ebft\u00a0<\/strong><\/p>\n<ul>\n<li>S\u1ea3n ph\u1ea9m tem xe\u00a0PG-1 th\u1ef1c t\u1ebf gi\u1ed1ng 100% so v\u1edbi h\u00ecnh \u1ea3nh qu\u1ea3ng c\u00e1o.<\/li>\n<li>Decal \u0111\u01b0\u1ee3c \u0111\u00f3ng g\u00f3i c\u1ea9n th\u1eadn trong h\u1ed9p tr\u01b0\u1edbc khi giao \u0111\u1ebfn kh\u00e1ch h\u00e0ng.<\/li>\n<li>N\u1ebfu ph\u00e1t sinh s\u1ef1 c\u1ed1 do l\u1ed7i t\u1eeb ph\u00eda Azdecal.vn nh\u01b0 sai m\u1eabu, thi\u1ebfu m\u1eabu, s\u1ea3n ph\u1ea9m l\u1ed7i, ch\u00fang t\u00f4i s\u1ebd ho\u00e0n to\u00e0n ch\u1ecbu tr\u00e1ch nhi\u1ec7m x\u1eed l\u00fd cho qu\u00fd kh\u00e1ch.<\/li>\n<\/ul>\n","protected":false},"excerpt":{"rendered":"<ul>\n<li>B\u1ed9 tem Yamaha PG-1\u00a0d\u00e1n c\u00e1c v\u1ecb tr\u00ed hai b\u00ean s\u01b0\u1eddn xe<\/li>\n<li>Ch\u1ea5t li\u1ec7u: PVC cao c\u1ea5p<\/li>\n<li>K\u00edch th\u01b0\u1edbc: thi\u1ebft k\u1ebf ph\u00f9 h\u1ee3p v\u1edbi k\u00edch c\u1ee1 xe\u00a0Yamaha PG-1<\/li>\n<li>Thi\u00ea\u0301t k\u00ea\u0301\u00a0b\u1eaft m\u1eaft, s\u1eafc n\u00e9t \u0111\u1ebfn t\u1eebng chi ti\u1ebft v\u1edbi c\u00f4ng ngh\u1ec7 in Eco-Solvent<\/li>\n<\/ul>\n","protected":false},"featured_media":713,"comment_status":"open","ping_status":"closed","template":"","meta":{"_acf_changed":false},"product_brand":[],"product_cat":[15,53,54,41],"product_tag":[],"class_list":{"0":"post-711","1":"product","2":"type-product","3":"status-publish","4":"has-post-thumbnail","6":"product_cat-tem-xe-may","7":"product_cat-tem-xe-yamaha","8":"product_cat-tem-xe-yamaha-pg-1","9":"product_cat-winner","11":"first","12":"instock","13":"sale","14":"shipping-taxable","15":"purchasable","16":"product-type-simple"},"acf":[],"_links":{"self":[{"href":"https:\/\/gara2.uxthemes.net\/index.php?rest_route=\/wp\/v2\/product\/711","targetHints":{"allow":["GET"]}}],"collection":[{"href":"https:\/\/gara2.uxthemes.net\/index.php?rest_route=\/wp\/v2\/product"}],"about":[{"href":"https:\/\/gara2.uxthemes.net\/index.php?rest_route=\/wp\/v2\/types\/product"}],"replies":[{"embeddable":true,"href":"https:\/\/gara2.uxthemes.net\/index.php?rest_route=%2Fwp%2Fv2%2Fcomments&post=711"}],"wp:featuredmedia":[{"embeddable":true,"href":"https:\/\/gara2.uxthemes.net\/index.php?rest_route=\/wp\/v2\/media\/713"}],"wp:attachment":[{"href":"https:\/\/gara2.uxthemes.net\/index.php?rest_route=%2Fwp%2Fv2%2Fmedia&parent=711"}],"wp:term":[{"taxonomy":"product_brand","embeddable":true,"href":"https:\/\/gara2.uxthemes.net\/index.php?rest_route=%2Fwp%2Fv2%2Fproduct_brand&post=711"},{"taxonomy":"product_cat","embeddable":true,"href":"https:\/\/gara2.uxthemes.net\/index.php?rest_route=%2Fwp%2Fv2%2Fproduct_cat&post=711"},{"taxonomy":"product_tag","embeddable":true,"href":"https:\/\/gara2.uxthemes.net\/index.php?rest_route=%2Fwp%2Fv2%2Fproduct_tag&post=711"}],"curies":[{"name":"wp","href":"https:\/\/api.w.org\/{rel}","templated":true}]}}