{"id":653,"date":"2024-08-19T12:13:34","date_gmt":"2024-08-19T05:13:34","guid":{"rendered":"https:\/\/gara2.uxthemes.net\/?post_type=product&#038;p=653"},"modified":"2024-08-22T21:41:08","modified_gmt":"2024-08-22T14:41:08","slug":"tem-trum-winner-v2-wnt-15-phong-cach-moi","status":"publish","type":"product","link":"https:\/\/gara2.uxthemes.net\/?product=tem-trum-winner-v2-wnt-15-phong-cach-moi","title":{"rendered":"Tem Tr\u00f9m Winner V2 | WNT-15 | Phong C\u00e1ch M\u1edbi"},"content":{"rendered":"<p>Tem tr\u00f9m\u00a0Winner v1 thi\u1ebft k\u1ebf l\u1ea5y c\u1ea3m h\u1ee9ng t\u1eeb h\u00e3ng Ducati v\u1edbi phong c\u00e1ch kh\u1ecfe kho\u1eafn,\u00a0k\u00e8m theo\u00a03 l\u1ef1a ch\u1ecdn m\u00e0u s\u1eafc \u0111\u01b0\u1ee3c in tr\u00ean ch\u1ea5t li\u1ec7u decal cao c\u1ea5p ch\u1ed1ng n\u01b0\u1edbc, ch\u1ed1ng phai m\u00e0u, b\u1ea3o v\u1ec7 s\u01a1n xe tuy\u1ec7t \u0111\u1ed1i.<\/p>\n<h2>\u01afu \u0111i\u1ec3m c\u1ee7a tem tr\u00f9m Winner v1<\/h2>\n<p>\u0110\u00f4\u0323i ngu\u0303 thi\u00ea\u0301t k\u00ea\u0301 co\u0301 kinh nghi\u00ea\u0323m, cu\u0300ng c\u00f4ng ngh\u00ea\u0323 sa\u0309n xu\u00e2\u0301t hi\u00ea\u0323n \u0111a\u0323i tr\u00ean ch\u00e2\u0301t li\u00ea\u0323u decal cao c\u00e2\u0301p giu\u0301p Azdecal cho ra \u0111\u01a1\u0300i nh\u01b0\u0303ng m\u00e2\u0303u tem\u00a0xe Winner 150 v\u01b0\u0300a co\u0301 ti\u0301nh th\u00e2\u0309m my\u0303, v\u01b0\u0300a co\u0301 \u0111\u00f4\u0323 b\u00ea\u0300n l\u00e2u da\u0300i.<\/p>\n<h3>M\u00e2\u0303u ma\u0303 \u0111a da\u0323ng, b\u0103\u0301t m\u0103\u0301t<\/h3>\n<p>V\u01a1\u0301i nhi\u00ea\u0300u chu\u0309 \u0111\u00ea\u0300 kha\u0301c nhau, thi\u00ea\u0301t k\u00ea\u0301 t\u01b0\u0300 \u0111\u01a1n gia\u0309n cho \u0111\u00ea\u0301n pha\u0301 ca\u0301ch, vi\u00ea\u0323c l\u01b0\u0323a cho\u0323n m\u00f4\u0323t m\u00e2\u0303u tem phu\u0300 h\u01a1\u0323p v\u01a1\u0301i phong ca\u0301ch \u01b0a thi\u0301ch la\u0300 \u0111i\u00ea\u0300u h\u00ea\u0301t s\u01b0\u0301c \u0111\u01a1n gia\u0309n. H\u01a1n th\u00ea\u0301 n\u01b0\u0303a, m\u00f4\u0303i b\u00f4\u0323 tem la\u0323i \u0111\u01b0\u01a1\u0323c chia tha\u0300nh nhi\u00ea\u0300u l\u01b0\u0323a cho\u0323n ma\u0300u s\u0103\u0301c va\u0300 co\u0301 th\u00ea\u0309 \u0111\u00f4\u0309i ma\u0300u theo y\u0301 thi\u0301ch cu\u0309a ba\u0323n.<\/p>\n<h3>Ch\u00e2\u0301t li\u00ea\u0323u decal cao c\u00e2\u0301p<\/h3>\n<p>Ch\u00e2\u0301t li\u00ea\u0323u ch\u00f4\u0301ng n\u01b0\u01a1\u0301c, ch\u00f4\u0301ng phai ma\u0300u l\u00ean t\u01a1\u0301i 4-5 n\u0103m, kh\u00f4ng bi\u0323 bong tro\u0301c d\u01b0\u01a1\u0301i ta\u0301c \u0111\u00f4\u0323ng cu\u0309a n\u0103\u0301ng m\u01b0a hay khi r\u01b0\u0309a xe. M\u01b0\u0323c in nh\u00e2\u0323p kh\u00e2\u0309u t\u01b0\u0300 Nh\u00e2\u0323t Ba\u0309n giu\u0301p tem b\u0103\u0301t m\u0103\u0301t, b\u00ea\u0300n ma\u0300u.<\/p>\n<h3>C\u0103\u0301t khu\u00f4n s\u0103\u0303n chi\u0301nh xa\u0301c theo xe<\/h3>\n<p>T\u00e2\u0301t ca\u0309 ca\u0301c m\u00e2\u0303u tem tr\u00f9m xe Winner v1 \u0111\u00ea\u0300u \u0111\u01b0\u01a1\u0323c thi\u00ea\u0301t k\u00ea\u0301 d\u01b0\u0323a tr\u00ean ki\u0301ch th\u01b0\u01a1\u0301c th\u01b0\u0323c t\u00ea\u0301 cu\u0309a xe. Qu\u00fd kh\u00e1ch mua v\u1ec1 c\u00f3 th\u1ec3 mang tem \u0111\u1ebfn c\u00e1c c\u1eeda h\u00e0ng d\u00e1n decal \u0111\u1ec3 th\u1ee3 chuy\u00ean nghi\u1ec7p thao t\u00e1c d\u00e1n ch\u00ednh x\u00e1c v\u00e0 nhanh nh\u1ea5t.<\/p>\n<h2>Cam k\u1ebft ch\u1ea5t l\u01b0\u1ee3ng<\/h2>\n<ul>\n<li>Tem tr\u00f9m xe Winner v1 kha\u0301ch ha\u0300ng nh\u00e2\u0323n \u0111\u01b0\u01a1\u0323c gi\u00f4\u0301ng 100% so v\u01a1\u0301i hi\u0300nh a\u0309nh minh ho\u0323a.<\/li>\n<li>Mo\u0323i th\u00f4ng tin li\u00ean quan \u0111\u00ea\u0301n sa\u0309n ph\u00e2\u0309m decal xe \u0111\u00ea\u0300u \u0111u\u0301ng v\u01a1\u0301i th\u01b0\u0323c t\u00ea\u0301.<\/li>\n<li>Sa\u0309n ph\u00e2\u0309m \u0111\u01b0\u01a1\u0323c \u0111o\u0301ng go\u0301i c\u00e2\u0309n th\u00e2\u0323n tr\u01b0\u01a1\u0301c khi giao cho \u0111\u01a1n vi\u0323 v\u00e2\u0323n chuy\u00ea\u0309n \u0111\u01b0a t\u01a1\u0301i tay kha\u0301ch ha\u0300ng.<\/li>\n<li>N\u00ea\u0301u sa\u0309n ph\u00e2\u0309m bi\u0323 l\u00f4\u0303i, thi\u00ea\u0301u ha\u0300ng do l\u00f4\u0303i t\u01b0\u0300 phi\u0301a Azdecal, chu\u0301ng t\u00f4i se\u0303 chi\u0323u hoa\u0300n toa\u0300n tra\u0301ch nhi\u00ea\u0323m \u0111\u00f4\u0309i tra\u0309 ha\u0300ng, g\u01b0\u0309i bu\u0300 cho kha\u0301ch ha\u0300ng.<\/li>\n<\/ul>\n","protected":false},"excerpt":{"rendered":"<ul>\n<li>Ch\u00e2\u0301t li\u00ea\u0323u decal PVC ch\u00f4\u0301ng n\u01b0\u01a1\u0301c, ch\u00f4\u0301ng phai ma\u0300u<\/li>\n<li>Ki\u0301ch th\u01b0\u01a1\u0301c: thi\u00ea\u0301t k\u00ea\u0301 theo ki\u0301ch c\u01a1\u0303 Winner 150 (Winner V1) ba\u0309n chu\u00e2\u0309n<\/li>\n<li>C\u00f4ng ngh\u00ea\u0323 in Eco-Solvent giu\u0301p tem s\u0103\u0301c ne\u0301t, n\u00f4\u0309i b\u00e2\u0323t<\/li>\n<\/ul>\n","protected":false},"featured_media":650,"comment_status":"open","ping_status":"closed","template":"","meta":{"_acf_changed":false},"product_brand":[],"product_cat":[15,41],"product_tag":[],"class_list":{"0":"post-653","1":"product","2":"type-product","3":"status-publish","4":"has-post-thumbnail","6":"product_cat-tem-xe-may","7":"product_cat-winner","9":"first","10":"instock","11":"sale","12":"shipping-taxable","13":"purchasable","14":"product-type-simple"},"acf":[],"_links":{"self":[{"href":"https:\/\/gara2.uxthemes.net\/index.php?rest_route=\/wp\/v2\/product\/653","targetHints":{"allow":["GET"]}}],"collection":[{"href":"https:\/\/gara2.uxthemes.net\/index.php?rest_route=\/wp\/v2\/product"}],"about":[{"href":"https:\/\/gara2.uxthemes.net\/index.php?rest_route=\/wp\/v2\/types\/product"}],"replies":[{"embeddable":true,"href":"https:\/\/gara2.uxthemes.net\/index.php?rest_route=%2Fwp%2Fv2%2Fcomments&post=653"}],"wp:featuredmedia":[{"embeddable":true,"href":"https:\/\/gara2.uxthemes.net\/index.php?rest_route=\/wp\/v2\/media\/650"}],"wp:attachment":[{"href":"https:\/\/gara2.uxthemes.net\/index.php?rest_route=%2Fwp%2Fv2%2Fmedia&parent=653"}],"wp:term":[{"taxonomy":"product_brand","embeddable":true,"href":"https:\/\/gara2.uxthemes.net\/index.php?rest_route=%2Fwp%2Fv2%2Fproduct_brand&post=653"},{"taxonomy":"product_cat","embeddable":true,"href":"https:\/\/gara2.uxthemes.net\/index.php?rest_route=%2Fwp%2Fv2%2Fproduct_cat&post=653"},{"taxonomy":"product_tag","embeddable":true,"href":"https:\/\/gara2.uxthemes.net\/index.php?rest_route=%2Fwp%2Fv2%2Fproduct_tag&post=653"}],"curies":[{"name":"wp","href":"https:\/\/api.w.org\/{rel}","templated":true}]}}