{"id":613,"date":"2024-08-19T01:42:45","date_gmt":"2024-08-18T18:42:45","guid":{"rendered":"https:\/\/gara2.uxthemes.net\/?post_type=product&#038;p=613"},"modified":"2024-08-22T21:40:04","modified_gmt":"2024-08-22T14:40:04","slug":"tem-xe-vision-vs41-mau-sporty","status":"publish","type":"product","link":"https:\/\/gara2.uxthemes.net\/?product=tem-xe-vision-vs41-mau-sporty","title":{"rendered":"Tem Xe Vision | VS41 | M\u1eabu Sporty"},"content":{"rendered":"<h2>\u01afu \u0111i\u1ec3m c\u1ee7a tem xe Vision<\/h2>\n<ul>\n<li>Trang tr\u00ed, t\u1ea1o \u0111i\u1ec3m nh\u1ea5n cho xe Honda Vision c\u00e1c \u0111\u1eddi tr\u00ean th\u1ecb tr\u01b0\u1eddng<\/li>\n<li>\u1ee8ng d\u1ee5ng c\u00f4ng ngh\u1ec7 in Nh\u1eadt B\u1ea3n gi\u00fap m\u00e0u s\u1eafc b\u1eaft m\u1eaft, s\u1eafc n\u00e9t t\u1eebng chi ti\u1ebft<\/li>\n<li>Ch\u1ea5t li\u1ec7u ch\u1ed1ng n\u01b0\u1edbc, ch\u1ed1ng bong tr\u00f3c, cam k\u1ebft kh\u00f4ng phai m\u00e0u l\u00ean t\u1edbi 5 n\u0103m s\u1eed d\u1ee5ng<\/li>\n<li>C\u1eaft khu\u00f4n s\u1eb5n b\u1eb1ng m\u00e1y v\u1edbi \u0111\u1ed9 ch\u00ednh x\u00e1c tuy\u1ec7t \u0111\u1ed1i, ch\u1ec9 c\u1ea7n b\u00f3c ra d\u00e1n l\u00ean xe \u0111\u01b0\u1ee3c ngay<\/li>\n<\/ul>\n<h2>H\u01b0\u1edbng d\u1eabn t\u1ef1 d\u00e1n tem xe Vision t\u1ea1i nh\u00e0<\/h2>\n<p>B\u01b0\u1edbc 1: V\u1ec7 sinh s\u1ea1ch s\u1ebd khu v\u1ef1c mu\u1ed1n d\u00e1n tem<br \/>\nB\u01b0\u1edbc 2: Tem ch\u1ec9 Vision m\u1eabu VS32 \u0111\u00e3 \u0111\u01b0\u1ee3c c\u1eaft khu\u00f4n\u00a0s\u1eb5n n\u00ean\u00a0b\u1ea1n ch\u1ec9 c\u1ea7n\u00a0b\u00f3c tem ra kh\u1ecfi \u0111\u1ebf v\u00e0 d\u00e1n l\u00ean v\u1ecb tr\u00ed ph\u00f9 h\u1ee3p tr\u00ean xe<br \/>\nB\u01b0\u1edbc 3: D\u00f9ng tay mi\u1ebft\u00a0nh\u1eb9 tem t\u1eeb tr\u00e1i qua ph\u1ea3i, t\u1eeb tr\u00ean xu\u1ed1ng d\u01b0\u1edbi \u0111\u1ec3 tem xe d\u00ednh \u0111\u1ec1u l\u00ean th\u00e2n xe<br \/>\nB\u01b0\u1edbc 4: D\u00f9ng m\u00e1y s\u1ea5y t\u00f3c, ho\u1eb7c b\u1eadt l\u1eeda h\u01a1 nhanh qua r\u1ed3i mi\u1ebft ti\u1ebfp \u0111\u1ec3 keo b\u00e1m d\u00ednh ch\u1eafc ch\u1eafn h\u01a1n.<\/p>\n<p>&nbsp;<\/p>\n<p><strong>Cam k\u1ebft quy\u1ec1n l\u1ee3i kh\u00e1ch h\u00e0ng\u00a0<\/strong><\/p>\n<p>\u2713 M\u1eabu tem xe Vision VS32 th\u1ef1c t\u1ebf gi\u1ed1ng\u00a0100% so v\u1edbi h\u00ecnh \u1ea3nh qu\u1ea3ng c\u00e1o.<\/p>\n<p>\u2713 Tem \u0111\u01b0\u1ee3c cu\u1ed9n tr\u00f2n v\u00e0 \u0111\u00f3ng g\u00f3p v\u00e0o \u1ed1ng c\u1ee9ng ch\u1eafc ch\u1eafn tr\u01b0\u1edbc khi v\u1eadn chuy\u1ec3n.<\/p>\n<p>\u2713\u00a0S\u1ea3n ph\u1ea9m b\u1ecb l\u1ed7i, thi\u1ebfu h\u00e0ng, sai m\u1eabu do l\u1ed7i t\u1eeb ph\u00eda Azdecal s\u1ebd h\u1ed7 tr\u1ee3 \u0111\u1ed5i tr\u1ea3\u00a0mi\u1ec5n ph\u00ed.<\/p>\n","protected":false},"excerpt":{"rendered":"<ul>\n<li>Ch\u1ea5t li\u1ec7u: PVC cao c\u1ea5p\u00a0ch\u1ed1ng\u00a0n\u01b0\u1edbc &#8211; ch\u1ed1ng phai m\u00e0u<\/li>\n<li>K\u00edch th\u01b0\u1edbc: thi\u1ebft k\u1ebf theo khu\u00f4n chu\u1ea9n xe Vision 2015-2020 v\u00e0 2021-2022<\/li>\n<li>B\u1ed9 tem r\u1eddl xe Vision\u00a0g\u1ed3m nhi\u1ec1u\u00a0mi\u1ebfng tem d\u00e1n v\u00e0o c\u00e1c v\u1ecb tr\u00ed tr\u00ean xe nh\u01b0 s\u01b0\u1eddn xe, d\u00e8 tr\u01b0\u1edbc, m\u1eb7t n\u1ea1,&#8230;<\/li>\n<\/ul>\n","protected":false},"featured_media":610,"comment_status":"open","ping_status":"closed","template":"","meta":{"_acf_changed":false},"product_brand":[],"product_cat":[15,17],"product_tag":[],"class_list":{"0":"post-613","1":"product","2":"type-product","3":"status-publish","4":"has-post-thumbnail","6":"product_cat-tem-xe-may","7":"product_cat-vision","9":"first","10":"instock","11":"shipping-taxable","12":"purchasable","13":"product-type-simple"},"acf":[],"_links":{"self":[{"href":"https:\/\/gara2.uxthemes.net\/index.php?rest_route=\/wp\/v2\/product\/613","targetHints":{"allow":["GET"]}}],"collection":[{"href":"https:\/\/gara2.uxthemes.net\/index.php?rest_route=\/wp\/v2\/product"}],"about":[{"href":"https:\/\/gara2.uxthemes.net\/index.php?rest_route=\/wp\/v2\/types\/product"}],"replies":[{"embeddable":true,"href":"https:\/\/gara2.uxthemes.net\/index.php?rest_route=%2Fwp%2Fv2%2Fcomments&post=613"}],"wp:featuredmedia":[{"embeddable":true,"href":"https:\/\/gara2.uxthemes.net\/index.php?rest_route=\/wp\/v2\/media\/610"}],"wp:attachment":[{"href":"https:\/\/gara2.uxthemes.net\/index.php?rest_route=%2Fwp%2Fv2%2Fmedia&parent=613"}],"wp:term":[{"taxonomy":"product_brand","embeddable":true,"href":"https:\/\/gara2.uxthemes.net\/index.php?rest_route=%2Fwp%2Fv2%2Fproduct_brand&post=613"},{"taxonomy":"product_cat","embeddable":true,"href":"https:\/\/gara2.uxthemes.net\/index.php?rest_route=%2Fwp%2Fv2%2Fproduct_cat&post=613"},{"taxonomy":"product_tag","embeddable":true,"href":"https:\/\/gara2.uxthemes.net\/index.php?rest_route=%2Fwp%2Fv2%2Fproduct_tag&post=613"}],"curies":[{"name":"wp","href":"https:\/\/api.w.org\/{rel}","templated":true}]}}