{"id":605,"date":"2024-08-19T01:30:42","date_gmt":"2024-08-18T18:30:42","guid":{"rendered":"https:\/\/gara2.uxthemes.net\/?post_type=product&#038;p=605"},"modified":"2024-08-22T21:38:36","modified_gmt":"2024-08-22T14:38:36","slug":"tem-xe-sh-mode-sm14-mau-tem-chi","status":"publish","type":"product","link":"https:\/\/gara2.uxthemes.net\/?product=tem-xe-sh-mode-sm14-mau-tem-chi","title":{"rendered":"Tem Xe SH Mode | SM14 | M\u1eabu Tem Ch\u1ec9"},"content":{"rendered":"<p>Phong c\u00e1ch C\u00e1 M\u1eadp k\u1ebft h\u1ee3p v\u1edbi thi\u1ebft k\u1ebf camo c\u1ef1c \u0111\u1ed9c \u0111\u00e1o ch\u1eafc ch\u1eafn s\u1ebd khi\u1ebfn\u00a0chi\u1ebfc SH Mode tr\u1edf n\u00ean kh\u00e1c bi\u1ec7t, thu h\u00fat m\u1ecdi \u00e1nh nh\u00ecn.<\/p>\n<h2>\u01afu \u0111i\u1ec3m c\u1ee7a tem xe SH Mode c\u1ee7a Azdecal.vn<\/h2>\n<ul>\n<li>Ch\u1ea5t li\u1ec7u decal cao c\u1ea5p ch\u1ed1ng n\u01b0\u1edbc, ch\u1ed1ng phai m\u00e0u<\/li>\n<li>Tem b\u00e1m dinh ch\u1eafc ch\u1eafn, \u1ed5n \u0111\u1ecbnh, kh\u00f4ng b\u1ecb bong tr\u00f3c<\/li>\n<li>M\u1ef1c in cao c\u1ea5p gi\u00fap tem l\u00ean m\u00e0u s\u1eafc n\u00e9t, t\u01b0\u01a1i s\u00e1ng<\/li>\n<li>Thi\u1ebft k\u1ebf ch\u00ednh x\u00e1c theo khu\u00f4n xe, c\u1eaft CNC s\u1eb5n gi\u00fap d\u1ec5 d\u00e0ng b\u00f3c d\u00e1n<\/li>\n<\/ul>\n<p>&gt;&gt; Xem th\u00eam:\u00a0<a href=\"https:\/\/azdecal.vn\/tem-xe-sh-mode\" target=\"_blank\" rel=\"noopener\">T\u1ed5ng h\u1ee3p nh\u1eefng m\u1eabu tem xe SH Mode \u0111\u1eb9p nh\u1ea5t<\/a><\/p>\n<h2>H\u01b0\u1edbng d\u1eabn t\u1ef1 d\u00e1n decal xe SH Mode t\u1ea1i nh\u00e0<\/h2>\n<p><strong>B\u01b0\u1edbc 1<\/strong>: Chia nh\u1ecf b\u1ed9 tem th\u00e0nh c\u00e1c mi\u1ebfng nh\u1ecf gi\u00fap vi\u1ec7c d\u00e1n d\u1ec5 d\u00e0ng h\u01a1n.<\/p>\n<p><strong>B\u01b0\u1edbc 2<\/strong>: L\u00e0m s\u1ea1ch v\u00e0 kh\u00f4 r\u00e1o c\u00e1c v\u1ecb tr\u00ed d\u00e1n tem tr\u00ean xe.<\/p>\n<p><strong>B\u01b0\u1edbc 3<\/strong>: D\u00e1n t\u1eebng mi\u1ebfng tem l\u00ean xe. L\u01b0u \u00fd kh\u00f4ng b\u00f3c ho\u00e0n to\u00e0n tem ra kh\u1ecfi \u0111\u1ebf khi d\u00e1n, h\u00e3y b\u00f3c \u0111\u1ebfn \u0111\u00e2u l\u1ed9t \u0111\u1ebfn \u0111\u00f3 \u0111\u1ec3 tr\u00e1nh tem nh\u0103n ho\u1eb7c b\u00f3ng kh\u00ed.<\/p>\n<p><strong>B\u01b0\u1edbc 4<\/strong>: H\u01a1 n\u00f3ng tem b\u1eb1ng b\u1eadt l\u1eeda ho\u1eb7c m\u00e1y s\u1ea5y \u0111\u1ec3 decal\u00a0b\u00e1m ch\u1eafc ch\u1eafn h\u01a1n, x\u1eed l\u00fd c\u00e1c l\u1ed7i n\u1ebfu c\u00f3.<\/p>\n<p>&nbsp;<\/p>\n<p><strong>Cam k\u1ebft c\u1ee7a Azdecal.vn<\/strong><\/p>\n<p>\u2713 Tem SH Mode\u00a0tr\u00ean th\u1ef1c t\u1ebf ho\u00e0n to\u00e0n gi\u1ed1ng v\u1edbi h\u00ecnh \u1ea3nh minh ho\u1ea1.<\/p>\n<p>\u2713 S\u1ea3n ph\u1ea9m \u0111\u01b0\u1ee3c cu\u1ed9n tr\u00f2n v\u00e0 \u0111\u00f3ng g\u00f3i c\u1ea9n th\u1eadn trong h\u1ed9p c\u1ee9ng khi giao \u0111\u1ebfn tay kh\u00e1ch h\u00e0ng.<\/p>\n<p>\u2713 Trong c\u00e1c tr\u01b0\u1eddng h\u1ee3p tem b\u1ecb l\u1ed7i, thi\u1ebfu, sai m\u1eabu, kh\u00e1ch h\u00e0ng li\u00ean h\u1ec7 ngay Azdecal.vn qua hotline ho\u1eb7c fanpage \u0111\u1ec3 \u0111\u01b0\u1ee3c h\u1ed7 tr\u1ee3 s\u1edbm nh\u1ea5t<\/p>\n","protected":false},"excerpt":{"rendered":"<ul>\n<li>Ch\u1ea5t l\u01b0\u1ee3ng: decal PVC ch\u1ed1ng n\u01b0\u1edbc, ch\u1ed1ng phai m\u00e0u<\/li>\n<li>K\u00edch th\u01b0\u1edbc: thi\u1ebft k\u1ebf ch\u00ednh x\u00e1c theo xe SH Mode 2015 &#8211; 2021<\/li>\n<li>B\u1ed9 s\u1ea3n ph\u1ea9m g\u1ed3m: mi\u1ebfng d\u00e1n cho c\u00e1c v\u1ecb tr\u00ed s\u01b0\u1eddn, y\u1ebfm, m\u1eb7t n\u1ea1, d\u00e8 tr\u01b0\u1edbc<\/li>\n<\/ul>\n","protected":false},"featured_media":599,"comment_status":"open","ping_status":"closed","template":"","meta":{"_acf_changed":false},"product_brand":[],"product_cat":[15,19],"product_tag":[],"class_list":{"0":"post-605","1":"product","2":"type-product","3":"status-publish","4":"has-post-thumbnail","6":"product_cat-tem-xe-may","7":"product_cat-sh-mode","9":"first","10":"instock","11":"sale","12":"shipping-taxable","13":"purchasable","14":"product-type-simple"},"acf":[],"_links":{"self":[{"href":"https:\/\/gara2.uxthemes.net\/index.php?rest_route=\/wp\/v2\/product\/605","targetHints":{"allow":["GET"]}}],"collection":[{"href":"https:\/\/gara2.uxthemes.net\/index.php?rest_route=\/wp\/v2\/product"}],"about":[{"href":"https:\/\/gara2.uxthemes.net\/index.php?rest_route=\/wp\/v2\/types\/product"}],"replies":[{"embeddable":true,"href":"https:\/\/gara2.uxthemes.net\/index.php?rest_route=%2Fwp%2Fv2%2Fcomments&post=605"}],"wp:featuredmedia":[{"embeddable":true,"href":"https:\/\/gara2.uxthemes.net\/index.php?rest_route=\/wp\/v2\/media\/599"}],"wp:attachment":[{"href":"https:\/\/gara2.uxthemes.net\/index.php?rest_route=%2Fwp%2Fv2%2Fmedia&parent=605"}],"wp:term":[{"taxonomy":"product_brand","embeddable":true,"href":"https:\/\/gara2.uxthemes.net\/index.php?rest_route=%2Fwp%2Fv2%2Fproduct_brand&post=605"},{"taxonomy":"product_cat","embeddable":true,"href":"https:\/\/gara2.uxthemes.net\/index.php?rest_route=%2Fwp%2Fv2%2Fproduct_cat&post=605"},{"taxonomy":"product_tag","embeddable":true,"href":"https:\/\/gara2.uxthemes.net\/index.php?rest_route=%2Fwp%2Fv2%2Fproduct_tag&post=605"}],"curies":[{"name":"wp","href":"https:\/\/api.w.org\/{rel}","templated":true}]}}