{"id":595,"date":"2024-08-19T01:26:41","date_gmt":"2024-08-18T18:26:41","guid":{"rendered":"https:\/\/gara2.uxthemes.net\/?post_type=product&#038;p=595"},"modified":"2024-08-22T21:37:14","modified_gmt":"2024-08-22T14:37:14","slug":"tem-xe-air-blade-2023-ab2023-01","status":"publish","type":"product","link":"https:\/\/gara2.uxthemes.net\/?product=tem-xe-air-blade-2023-ab2023-01","title":{"rendered":"Tem Xe Air Blade 2023 | AB2023-01"},"content":{"rendered":"<h2>Th\u00f4ng tin s\u1ea3n ph\u1ea9m tem xe Air Blade m\u1eabu Monster Energy<\/h2>\n<p>Tem in tr\u00ean ch\u1ea5t li\u1ec7u PVC 5 l\u1edbp ph\u1ee7 m\u00e0ng ch\u1ed1ng n\u01b0\u1edbc, ch\u1ed1ng x\u01b0\u1edbc, ch\u1ed1ng phai m\u00e0u<br \/>\nM\u1ef1c in cao c\u1ea5p cho m\u00e0u tem b\u1eaft m\u1eaft, s\u1eafc n\u00e9t \u0111\u1ebfn t\u1eebng chi ti\u1ebft nh\u1ecf<br \/>\nB\u00e1m d\u00ednh \u1ed5n \u0111\u1ecbnh, ch\u1eafc ch\u1eafn, khi g\u1ee1 b\u1ecf kh\u00f4ng \u0111\u1ec3 l\u1ea1i v\u1ebft keo th\u1eeba<\/p>\n<p>&gt;&gt; Xem th\u00eam:\u00a0<a href=\"https:\/\/azdecal.vn\/tem-xe-air-blade-2023\" target=\"_blank\" rel=\"noopener\">T\u1ed5ng h\u1ee3p c\u00e1c m\u1eabu tem xe Air Blade 2023 \u0111\u1eb9p<\/a><\/p>\n<h2>H\u01b0\u1edbng d\u1eabn t\u1ef1 d\u00e1n tem xe Air Blade t\u1ea1i nh\u00e0<\/h2>\n<p>N\u1ebfu b\u1ea1n mu\u1ed1n t\u1ef1 tay &#8220;n\u00e2ng t\u1ea7m phong c\u00e1ch&#8221; cho chi\u1ebfc xe c\u1ee7a m\u00ecnh, h\u00e3y tham kh\u1ea3o c\u00e1c b\u01b0\u1edbc t\u1ef1 d\u00e1n decal xe AB ph\u00eda d\u01b0\u1edbi nh\u00e9.<\/p>\n<p>D\u1ee5ng c\u1ee5 c\u1ea7n thi\u1ebft: Tem xe Air Blade 2023 t\u1ea1i Azdecal, k\u00e9o ho\u1eb7c dao r\u1ecdc gi\u1ea5y, kh\u0103n lau, th\u1ebb g\u1ea1t, m\u00e1y s\u1ea5y ho\u1eb7c b\u1eadt l\u1eeda.<\/p>\n<p>C\u00e1c b\u01b0\u1edbc d\u00e1n tem:<\/p>\n<p>B\u01b0\u1edbc 1: V\u1ec7 sinh s\u1ea1ch c\u00e1c v\u1ecb tr\u00ed d\u00e1n tem b\u1eb1ng kh\u0103n.<br \/>\nB\u01b0\u1edbc 2: C\u1eaft r\u1eddi t\u1eebng ph\u1ea7n c\u1ee7a t\u1ea5m decal th\u00e0nh c\u00e1c chi ti\u1ebft nh\u1ecf.<br \/>\nB\u01b0\u1edbc 3: D\u00e1n t\u1eebng chi ti\u1ebft tem l\u00ean \u0111\u00fang v\u1ecb tr\u00ed. L\u01b0u \u00fd kh\u00f4ng n\u00ean b\u00f3c h\u1ebft tem ra kh\u1ecfi \u0111\u1ebf m\u00e0 h\u00e3y d\u00e1n \u0111\u1ebfn \u0111\u00e2u m\u1edbi l\u1ed9t ra \u0111\u1ebfn \u0111\u00f3. Thao t\u00e1c c\u1ea7n ch\u1eadm r\u00e3i \u0111\u1ec3 tr\u00e1nh b\u00f3ng kh\u00ed.<br \/>\nB\u01b0\u1edbc 4: S\u1eed d\u1ee5ng m\u00e1y s\u1ea5y ho\u1eb7c b\u1eadt l\u1eeda h\u01a1 n\u00f3ng v\u00e0 mi\u1ebft \u0111\u1ec3 tem b\u00e1m d\u00ednh ch\u1eafc ch\u1eafn h\u01a1n, \u0111\u1eb7c bi\u1ec7t \u1edf ph\u1ea7n vi\u1ec1n tem.<\/p>\n<h2>Cam k\u1ebft c\u1ee7a Azdecal v\u1edbi s\u1ea3n ph\u1ea9m tem xe Air Blade 2023<\/h2>\n<ul>\n<li>H\u00ecnh \u1ea3nh m\u00f4 t\u1ea3 decal xe AB 2023 ho\u00e0n to\u00e0n gi\u1ed1ng v\u1edbi s\u1ea3n ph\u1ea9m kh\u00e1ch nh\u1eadn \u0111\u01b0\u1ee3c<\/li>\n<li>C\u00e1c th\u00f4ng tin li\u00ean quan nh\u01b0 s\u1ed1 l\u01b0\u1ee3ng, ch\u1ea5t li\u1ec7u \u0111\u1ec1u \u0111\u00fang v\u1edbi th\u1ef1c t\u1ebf<\/li>\n<li>Azdecal h\u1ed7 tr\u1ee3 \u0111\u1ed5i tr\u1ea3 mi\u1ec5n ph\u00ed cho \u0111\u01a1n h\u00e0ng thi\u1ebfu, l\u1ed7i, sai m\u00e0u do l\u1ed7i t\u1eeb ph\u00eda shop<\/li>\n<\/ul>\n","protected":false},"excerpt":{"rendered":"<ul>\n<li>Ch\u1ea5t li\u1ec7u: PVC cao c\u1ea5p ch\u1ed1ng n\u01b0\u1edbc<\/li>\n<li>K\u00edch th\u01b0\u1edbc: thi\u1ebft k\u1ebf tr\u00ean k\u00edch th\u01b0\u1edbc chu\u1ea9n\u00a0xe AB 2023 (125 &amp; 160)<\/li>\n<li>C\u00f4ng ngh\u00ea\u0323 in Eco-Solvent giu\u0301p tem s\u0103\u0301c ne\u0301t, n\u00f4\u0309i b\u00e2\u0323t<\/li>\n<\/ul>\n","protected":false},"featured_media":596,"comment_status":"open","ping_status":"closed","template":"","meta":{"_acf_changed":false},"product_brand":[],"product_cat":[15,16],"product_tag":[],"class_list":{"0":"post-595","1":"product","2":"type-product","3":"status-publish","4":"has-post-thumbnail","6":"product_cat-tem-xe-may","7":"product_cat-air-blade","9":"first","10":"instock","11":"sale","12":"shipping-taxable","13":"purchasable","14":"product-type-simple"},"acf":[],"_links":{"self":[{"href":"https:\/\/gara2.uxthemes.net\/index.php?rest_route=\/wp\/v2\/product\/595","targetHints":{"allow":["GET"]}}],"collection":[{"href":"https:\/\/gara2.uxthemes.net\/index.php?rest_route=\/wp\/v2\/product"}],"about":[{"href":"https:\/\/gara2.uxthemes.net\/index.php?rest_route=\/wp\/v2\/types\/product"}],"replies":[{"embeddable":true,"href":"https:\/\/gara2.uxthemes.net\/index.php?rest_route=%2Fwp%2Fv2%2Fcomments&post=595"}],"wp:featuredmedia":[{"embeddable":true,"href":"https:\/\/gara2.uxthemes.net\/index.php?rest_route=\/wp\/v2\/media\/596"}],"wp:attachment":[{"href":"https:\/\/gara2.uxthemes.net\/index.php?rest_route=%2Fwp%2Fv2%2Fmedia&parent=595"}],"wp:term":[{"taxonomy":"product_brand","embeddable":true,"href":"https:\/\/gara2.uxthemes.net\/index.php?rest_route=%2Fwp%2Fv2%2Fproduct_brand&post=595"},{"taxonomy":"product_cat","embeddable":true,"href":"https:\/\/gara2.uxthemes.net\/index.php?rest_route=%2Fwp%2Fv2%2Fproduct_cat&post=595"},{"taxonomy":"product_tag","embeddable":true,"href":"https:\/\/gara2.uxthemes.net\/index.php?rest_route=%2Fwp%2Fv2%2Fproduct_tag&post=595"}],"curies":[{"name":"wp","href":"https:\/\/api.w.org\/{rel}","templated":true}]}}