{"id":587,"date":"2024-08-19T01:18:21","date_gmt":"2024-08-18T18:18:21","guid":{"rendered":"https:\/\/gara2.uxthemes.net\/?post_type=product&#038;p=587"},"modified":"2024-08-22T21:36:30","modified_gmt":"2024-08-22T14:36:30","slug":"tem-dan-xe-air-blade","status":"publish","type":"product","link":"https:\/\/gara2.uxthemes.net\/?product=tem-dan-xe-air-blade","title":{"rendered":"Tem d\u00e1n xe Air Blade ABT2022-01"},"content":{"rendered":"<p>Tem tr\u00f9m Air Blade\u00a0thi\u1ebft k\u1ebf theo phong c\u00e1ch Black Market\u00a0\u0111\u1ed9c \u0111\u00e1o, v\u1edbi\u00a04 l\u1ef1a ch\u1ecdn m\u00e0u s\u1eafc \u0111\u01b0\u1ee3c in tr\u00ean ch\u1ea5t li\u1ec7u decal cao c\u1ea5p ch\u1ed1ng n\u01b0\u1edbc, ch\u1ed1ng phai m\u00e0u, b\u1ea3o v\u1ec7 s\u01a1n xe tuy\u1ec7t \u0111\u1ed1i.<\/p>\n<h2>\u01afu \u0111i\u1ec3m c\u1ee7a tem tr\u00f9m Air Blade<\/h2>\n<p>\u0110\u00f4\u0323i ngu\u0303 thi\u00ea\u0301t k\u00ea\u0301 co\u0301 kinh nghi\u00ea\u0323m, cu\u0300ng c\u00f4ng ngh\u00ea\u0323 sa\u0309n xu\u00e2\u0301t hi\u00ea\u0323n \u0111a\u0323i tr\u00ean ch\u00e2\u0301t li\u00ea\u0323u decal cao c\u00e2\u0301p giu\u0301p Azdecal cho ra \u0111\u01a1\u0300i nh\u01b0\u0303ng m\u00e2\u0303u tem xe Air Blade\u00a0v\u01b0\u0300a co\u0301 ti\u0301nh th\u00e2\u0309m my\u0303, v\u01b0\u0300a co\u0301 \u0111\u00f4\u0323 b\u00ea\u0300n l\u00e2u da\u0300i.<\/p>\n<h3>Thi\u1ebft k\u1ebf theo y\u00eau c\u1ea7u<\/h3>\n<p>V\u01a1\u0301i nhi\u00ea\u0300u chu\u0309 \u0111\u00ea\u0300 kha\u0301c nhau, thi\u00ea\u0301t k\u00ea\u0301 t\u01b0\u0300 \u0111\u01a1n gia\u0309n cho \u0111\u00ea\u0301n pha\u0301 ca\u0301ch, vi\u00ea\u0323c l\u01b0\u0323a cho\u0323n m\u00f4\u0323t m\u00e2\u0303u tem phu\u0300 h\u01a1\u0323p v\u01a1\u0301i phong ca\u0301ch \u01b0a thi\u0301ch la\u0300 \u0111i\u00ea\u0300u h\u00ea\u0301t s\u01b0\u0301c \u0111\u01a1n gia\u0309n. H\u01a1n th\u00ea\u0301 n\u01b0\u0303a, Azdecal c\u00f2n c\u00f3 d\u1ecbch v\u1ee5\u00a0thi\u1ebft k\u1ebf v\u00e0 \u0111\u1ed5i m\u00e0u theo y\u00eau c\u1ea7u.<\/p>\n<p>&gt;&gt; Tham kh\u1ea3o th\u00eam t\u1ea1i:\u00a0D\u1ecbch v\u1ee5 thi\u1ebft k\u1ebf tem xe theo y\u00eau c\u1ea7u<\/p>\n<h3>Ch\u00e2\u0301t li\u00ea\u0323u decal cao c\u00e2\u0301p<\/h3>\n<p>Ch\u00e2\u0301t li\u00ea\u0323u ch\u00f4\u0301ng n\u01b0\u01a1\u0301c, ch\u00f4\u0301ng phai ma\u0300u, kh\u00f4ng bi\u0323 bong tro\u0301c d\u01b0\u01a1\u0301i ta\u0301c \u0111\u00f4\u0323ng cu\u0309a n\u0103\u0301ng m\u01b0a hay khi r\u01b0\u0309a xe. M\u01b0\u0323c in nh\u00e2\u0323p kh\u00e2\u0309u t\u01b0\u0300 Nh\u00e2\u0323t Ba\u0309n giu\u0301p tem b\u0103\u0301t m\u0103\u0301t, b\u00ea\u0300n ma\u0300u.<\/p>\n<h3>D\u1ecbch v\u1ee5 d\u00e1n xe Air Blade chuy\u00ean nghi\u1ec7p<\/h3>\n<p>T\u00e2\u0301t ca\u0309 ca\u0301c m\u00e2\u0303u tem tr\u00f9m xe Air Blade\u00a0\u0111\u00ea\u0300u \u0111\u01b0\u01a1\u0323c thi\u00ea\u0301t k\u00ea\u0301 d\u01b0\u0323a tr\u00ean ki\u0301ch th\u01b0\u01a1\u0301c th\u01b0\u0323c t\u00ea\u0301 cu\u0309a xe. Qu\u00fd kh\u00e1ch c\u00f3 th\u1ec3 t\u1edbi c\u1eeda h\u00e0ng c\u1ee7a Azdecal.vn \u0111\u1ec3 tr\u1ea3i nghi\u1ec7m d\u1ecbch v\u1ee5 d\u00e1n xe AB t\u1ea1i \u0111\u1ecba ch\u1ec9: 18 ng\u00f5 259\/5 Ph\u1ed1 V\u1ecdng, ph\u01b0\u1eddng \u0110\u1ed3ng T\u00e2m, qu\u1eadn Hai B\u00e0 Tr\u01b0ng, H\u00e0 N\u1ed9i.<\/p>\n<p>&nbsp;<\/p>\n<p><strong>Cam k\u1ebft ch\u1ea5t l\u01b0\u1ee3ng\u00a0<\/strong><\/p>\n<ul>\n<li>Tem tr\u00f9m xe Air Blade kha\u0301ch ha\u0300ng nh\u00e2\u0323n \u0111\u01b0\u01a1\u0323c gi\u00f4\u0301ng 100% so v\u01a1\u0301i hi\u0300nh a\u0309nh minh ho\u0323a.<\/li>\n<li>Mo\u0323i th\u00f4ng tin li\u00ean quan \u0111\u00ea\u0301n sa\u0309n ph\u00e2\u0309m decal xe \u0111\u00ea\u0300u \u0111u\u0301ng v\u01a1\u0301i th\u01b0\u0323c t\u00ea\u0301.<\/li>\n<li>Sa\u0309n ph\u00e2\u0309m \u0111\u01b0\u01a1\u0323c \u0111o\u0301ng go\u0301i c\u00e2\u0309n th\u00e2\u0323n tr\u01b0\u01a1\u0301c khi giao cho \u0111\u01a1n vi\u0323 v\u00e2\u0323n chuy\u00ea\u0309n \u0111\u01b0a t\u01a1\u0301i tay kha\u0301ch ha\u0300ng.<\/li>\n<li>N\u00ea\u0301u sa\u0309n ph\u00e2\u0309m bi\u0323 l\u00f4\u0303i, thi\u00ea\u0301u ha\u0300ng do l\u00f4\u0303i t\u01b0\u0300 phi\u0301a Azdecal, chu\u0301ng t\u00f4i se\u0303 chi\u0323u hoa\u0300n toa\u0300n tra\u0301ch nhi\u00ea\u0323m \u0111\u00f4\u0309i tra\u0309 ha\u0300ng, g\u01b0\u0309i bu\u0300 cho kha\u0301ch ha\u0300ng.<\/li>\n<\/ul>\n","protected":false},"excerpt":{"rendered":"<ul>\n<li>Ch\u00e2\u0301t li\u00ea\u0323u decal\u00a0ch\u00f4\u0301ng n\u01b0\u01a1\u0301c, ch\u00f4\u0301ng phai ma\u0300u<\/li>\n<li>Tem tr\u00f9m AB\u00a0thi\u00ea\u0301t k\u00ea\u0301 theo ki\u0301ch c\u01a1\u0303 xe Honda Air Blade 2020 &#8211; 2022<\/li>\n<li>C\u00f4ng ngh\u00ea\u0323 in Eco-Solvent giu\u0301p tem s\u0103\u0301c ne\u0301t, n\u00f4\u0309i b\u00e2\u0323t<\/li>\n<\/ul>\n","protected":false},"featured_media":588,"comment_status":"open","ping_status":"closed","template":"","meta":{"_acf_changed":false},"product_brand":[],"product_cat":[15,16],"product_tag":[],"class_list":{"0":"post-587","1":"product","2":"type-product","3":"status-publish","4":"has-post-thumbnail","6":"product_cat-tem-xe-may","7":"product_cat-air-blade","9":"first","10":"instock","11":"sale","12":"shipping-taxable","13":"purchasable","14":"product-type-simple"},"acf":[],"_links":{"self":[{"href":"https:\/\/gara2.uxthemes.net\/index.php?rest_route=\/wp\/v2\/product\/587","targetHints":{"allow":["GET"]}}],"collection":[{"href":"https:\/\/gara2.uxthemes.net\/index.php?rest_route=\/wp\/v2\/product"}],"about":[{"href":"https:\/\/gara2.uxthemes.net\/index.php?rest_route=\/wp\/v2\/types\/product"}],"replies":[{"embeddable":true,"href":"https:\/\/gara2.uxthemes.net\/index.php?rest_route=%2Fwp%2Fv2%2Fcomments&post=587"}],"wp:featuredmedia":[{"embeddable":true,"href":"https:\/\/gara2.uxthemes.net\/index.php?rest_route=\/wp\/v2\/media\/588"}],"wp:attachment":[{"href":"https:\/\/gara2.uxthemes.net\/index.php?rest_route=%2Fwp%2Fv2%2Fmedia&parent=587"}],"wp:term":[{"taxonomy":"product_brand","embeddable":true,"href":"https:\/\/gara2.uxthemes.net\/index.php?rest_route=%2Fwp%2Fv2%2Fproduct_brand&post=587"},{"taxonomy":"product_cat","embeddable":true,"href":"https:\/\/gara2.uxthemes.net\/index.php?rest_route=%2Fwp%2Fv2%2Fproduct_cat&post=587"},{"taxonomy":"product_tag","embeddable":true,"href":"https:\/\/gara2.uxthemes.net\/index.php?rest_route=%2Fwp%2Fv2%2Fproduct_tag&post=587"}],"curies":[{"name":"wp","href":"https:\/\/api.w.org\/{rel}","templated":true}]}}