{"id":17,"date":"2024-07-30T13:08:57","date_gmt":"2024-07-30T13:08:57","guid":{"rendered":"https:\/\/gara2.uxthemes.net\/?page_id=17"},"modified":"2024-08-05T22:35:58","modified_gmt":"2024-08-05T15:35:58","slug":"lien-he","status":"publish","type":"page","link":"https:\/\/gara2.uxthemes.net\/?page_id=17","title":{"rendered":"Li\u00ean h\u1ec7"},"content":{"rendered":"\n\t<section class=\"section\" id=\"section_1607465176\">\n\t\t<div class=\"section-bg fill\" >\n\t\t\t\t\t\t\t\t\t\n\t\t\t\n\n\t\t<\/div>\n\n\t\t\n\n\t\t<div class=\"section-content relative\">\n\t\t\t\n<div class=\"row\"  id=\"row-1886947680\">\n\n\t<div id=\"col-26139398\" class=\"col small-12 large-12\"  >\n\t\t\t\t<div class=\"col-inner\"  >\n\t\t\t\n\t\t\t\n<h2>Li\u00ean h\u1ec7 v\u1edbi SHell<\/h2>\n<p>Ch\u00e0o m\u1eebng b\u1ea1n \u0111\u1ebfn v\u1edbi trang Li\u00ean h\u1ec7 c\u1ee7a SHell! Ch\u00fang t\u00f4i lu\u00f4n s\u1eb5n s\u00e0ng l\u1eafng nghe \u00fd ki\u1ebfn v\u00e0 ph\u1ea3n h\u1ed3i c\u1ee7a b\u1ea1n. N\u1ebfu b\u1ea1n c\u00f3 b\u1ea5t k\u1ef3 c\u00e2u h\u1ecfi n\u00e0o, y\u00eau c\u1ea7u h\u1ee3p t\u00e1c, ho\u1eb7c c\u1ea7n h\u1ed7 tr\u1ee3, xin vui l\u00f2ng \u0111i\u1ec1n v\u00e0o m\u1eabu d\u01b0\u1edbi \u0111\u00e2y ho\u1eb7c li\u00ean h\u1ec7 v\u1edbi ch\u00fang t\u00f4i qua th\u00f4ng tin d\u01b0\u1edbi \u0111\u00e2y.<\/p>\n\t\t<\/div>\n\t\t\t\t\n<style>\n#col-26139398 > .col-inner {\n  margin: 0px 0px -39px 0px;\n}\n<\/style>\n\t<\/div>\n\n\t\n<\/div>\n\t\t<\/div>\n\n\t\t\n<style>\n#section_1607465176 {\n  padding-top: 62px;\n  padding-bottom: 62px;\n}\n<\/style>\n\t<\/section>\n\t\n\n\t<section class=\"section\" id=\"section_238452345\">\n\t\t<div class=\"section-bg fill\" >\n\t\t\t\t\t\t\t\t\t\n\t\t\t\n\n\t\t<\/div>\n\n\t\t\n\n\t\t<div class=\"section-content relative\">\n\t\t\t\n<div class=\"row align-equal\"  id=\"row-784175346\">\n\n\t<div id=\"col-429962950\" class=\"col medium-6 small-12 large-6\"  >\n\t\t\t\t<div class=\"col-inner text-center\" style=\"background-color:rgb(255, 255, 255);\" >\n\t\t\t\n\t\t\t\n\t<div class=\"img has-hover x md-x lg-x y md-y lg-y\" id=\"image_1331968075\">\n\t\t\t\t\t\t\t\t<div class=\"img-inner dark\" >\n\t\t\t\t\t\t\t\t\t\n\t\t\t\t\t<\/div>\n\t\t\t\t\t\t\t\t\n<style>\n#image_1331968075 {\n  width: 42%;\n}\n<\/style>\n\t<\/div>\n\t\n\t<div id=\"text-2427259193\" class=\"text\">\n\t\t\n<p><strong>Nh\u00e0 ph\u00e2n ph\u1ed1i D\u1ea7u Nh\u1edbt Shell Ch\u00ednh H\u1ea1ng<\/strong><\/p>\n<div class=\"ux-menu stack stack-col justify-start ux-menu--divider-solid\">\n<div class=\"ux-menu-link flex menu-item\"><a class=\"ux-menu-link__link flex\" href=\"https:\/\/gara2.uxthemes.net\/\"><i class=\"ux-menu-link__icon text-center icon-angle-right\"><\/i><span class=\"ux-menu-link__text\">\u0110\u1ecba Ch\u1ec9 : T\u00e2n \u0110\u00f4ng Hi\u1ec7p &#8211; D\u0129 An &#8211; BD<\/span><\/a><\/div>\n<div class=\"ux-menu-link flex menu-item\"><a class=\"ux-menu-link__link flex\" href=\"https:\/\/gara2.uxthemes.net\/\"><i class=\"ux-menu-link__icon text-center icon-angle-right\"><\/i><span class=\"ux-menu-link__text\">S\u1ed1 \u0111i\u1ec7n tho\u1ea1i: 0988 123 126<\/span><\/a><\/div>\n<div class=\"ux-menu-link flex menu-item\"><a class=\"ux-menu-link__link flex\" href=\"https:\/\/gara2.uxthemes.net\/\"><i class=\"ux-menu-link__icon text-center icon-angle-right\"><\/i><span class=\"ux-menu-link__text\">Mail: dongnaminfotech@gmail.com<\/span><\/a><\/div>\n<\/div>\n\t\t\n<style>\n#text-2427259193 {\n  text-align: left;\n}\n<\/style>\n\t<\/div>\n\t\n<div class=\"social-icons share-icons share-row relative full-width text-left icon-style-fill\" ><a href=\"whatsapp:\/\/send?text=Li%C3%AAn%20h%E1%BB%87 - https:\/\/gara2.uxthemes.net\/?page_id=17\" data-action=\"share\/whatsapp\/share\" class=\"icon primary button circle tooltip whatsapp show-for-medium\" title=\"Chia s\u1ebb tr\u00ean WhatsApp\" aria-label=\"Chia s\u1ebb tr\u00ean WhatsApp\" ><i class=\"icon-whatsapp\" ><\/i><\/a><a href=\"https:\/\/www.facebook.com\/sharer.php?u=https:\/\/gara2.uxthemes.net\/?page_id=17\" data-label=\"Facebook\" onclick=\"window.open(this.href,this.title,'width=500,height=500,top=300px,left=300px'); return false;\" target=\"_blank\" class=\"icon primary button circle tooltip facebook\" title=\"Chia s\u1ebb tr\u00ean Facebook\" aria-label=\"Chia s\u1ebb tr\u00ean Facebook\" rel=\"noopener nofollow\" ><i class=\"icon-facebook\" ><\/i><\/a><a href=\"https:\/\/twitter.com\/share?url=https:\/\/gara2.uxthemes.net\/?page_id=17\" onclick=\"window.open(this.href,this.title,'width=500,height=500,top=300px,left=300px'); return false;\" target=\"_blank\" class=\"icon primary button circle tooltip twitter\" title=\"Chia s\u1ebb tr\u00ean Twitter\" aria-label=\"Chia s\u1ebb tr\u00ean Twitter\" rel=\"noopener nofollow\" ><i class=\"icon-twitter\" ><\/i><\/a><a href=\"mailto:?subject=Li%C3%AAn%20h%E1%BB%87&body=H%C3%A3y%20ki%E1%BB%83m%20tra%20%C4%91i%E1%BB%81u%20n%C3%A0y%3A%20https%3A%2F%2Fgara2.uxthemes.net%2F%3Fpage_id%3D17\" class=\"icon primary button circle tooltip email\" title=\"Email cho b\u1ea1n b\u00e8\" aria-label=\"Email cho b\u1ea1n b\u00e8\" rel=\"nofollow\" ><i class=\"icon-envelop\" ><\/i><\/a><a href=\"https:\/\/pinterest.com\/pin\/create\/button?url=https:\/\/gara2.uxthemes.net\/?page_id=17&media&description=Li%C3%AAn%20h%E1%BB%87\" onclick=\"window.open(this.href,this.title,'width=500,height=500,top=300px,left=300px'); return false;\" target=\"_blank\" class=\"icon primary button circle tooltip pinterest\" title=\"Ghim tr\u00ean Pinterest\" aria-label=\"Ghim tr\u00ean Pinterest\" rel=\"noopener nofollow\" ><i class=\"icon-pinterest\" ><\/i><\/a><a href=\"https:\/\/www.linkedin.com\/shareArticle?mini=true&url=https:\/\/gara2.uxthemes.net\/?page_id=17&title=Li%C3%AAn%20h%E1%BB%87\" onclick=\"window.open(this.href,this.title,'width=500,height=500,top=300px,left=300px'); return false;\" target=\"_blank\" class=\"icon primary button circle tooltip linkedin\" title=\"Chia s\u1ebb tr\u00ean LinkedIn\" aria-label=\"Chia s\u1ebb tr\u00ean LinkedIn\" rel=\"noopener nofollow\" ><i class=\"icon-linkedin\" ><\/i><\/a><\/div>\n\t\t<\/div>\n\t\t\t\t\n<style>\n#col-429962950 > .col-inner {\n  padding: 25px 25px 0px 25px;\n  border-radius: 10px;\n}\n<\/style>\n\t<\/div>\n\n\t\n\n\t<div id=\"col-1669862548\" class=\"col medium-6 small-12 large-6\"  >\n\t\t\t\t<div class=\"col-inner\" style=\"background-color:#ffffff;\" >\n\t\t\t\n\t\t\t\n\n<div class=\"wpcf7 no-js\" id=\"wpcf7-f120-o1\" lang=\"vi\" dir=\"ltr\" data-wpcf7-id=\"120\">\n<div class=\"screen-reader-response\"><p role=\"status\" aria-live=\"polite\" aria-atomic=\"true\"><\/p> <ul><\/ul><\/div>\n<form action=\"\/index.php?rest_route=%2Fwp%2Fv2%2Fpages%2F17#wpcf7-f120-o1\" method=\"post\" class=\"wpcf7-form init\" aria-label=\"Form li\u00ean h\u1ec7\" novalidate=\"novalidate\" data-status=\"init\">\n<fieldset class=\"hidden-fields-container\"><input type=\"hidden\" name=\"_wpcf7\" value=\"120\" \/><input type=\"hidden\" name=\"_wpcf7_version\" value=\"6.1.5\" \/><input type=\"hidden\" name=\"_wpcf7_locale\" value=\"vi\" \/><input type=\"hidden\" name=\"_wpcf7_unit_tag\" value=\"wpcf7-f120-o1\" \/><input type=\"hidden\" name=\"_wpcf7_container_post\" value=\"0\" \/><input type=\"hidden\" name=\"_wpcf7_posted_data_hash\" value=\"\" \/>\n<\/fieldset>\n<p><label> T\u00ean c\u1ee7a b\u1ea1n<br \/>\n<span class=\"wpcf7-form-control-wrap\" data-name=\"your-name\"><input size=\"40\" maxlength=\"400\" class=\"wpcf7-form-control wpcf7-text wpcf7-validates-as-required\" autocomplete=\"name\" aria-required=\"true\" aria-invalid=\"false\" value=\"\" type=\"text\" name=\"your-name\" \/><\/span> <\/label>\n<\/p>\n<p><label> Email c\u1ee7a b\u1ea1n<br \/>\n<span class=\"wpcf7-form-control-wrap\" data-name=\"your-email\"><input size=\"40\" maxlength=\"400\" class=\"wpcf7-form-control wpcf7-email wpcf7-validates-as-required wpcf7-text wpcf7-validates-as-email\" autocomplete=\"email\" aria-required=\"true\" aria-invalid=\"false\" value=\"\" type=\"email\" name=\"your-email\" \/><\/span> <\/label>\n<\/p>\n<p><label> Ti\u00eau \u0111\u1ec1:<br \/>\n<span class=\"wpcf7-form-control-wrap\" data-name=\"your-subject\"><input size=\"40\" maxlength=\"400\" class=\"wpcf7-form-control wpcf7-text wpcf7-validates-as-required\" aria-required=\"true\" aria-invalid=\"false\" value=\"\" type=\"text\" name=\"your-subject\" \/><\/span> <\/label>\n<\/p>\n<p><label> Tin nh\u1eafn c\u1ee7a b\u1ea1n (kh\u00f4ng b\u1eaft bu\u1ed9c)<br \/>\n<span class=\"wpcf7-form-control-wrap\" data-name=\"your-message\"><textarea cols=\"40\" rows=\"10\" maxlength=\"2000\" class=\"wpcf7-form-control wpcf7-textarea\" aria-invalid=\"false\" name=\"your-message\"><\/textarea><\/span> <\/label>\n<\/p>\n<p><input class=\"wpcf7-form-control wpcf7-submit has-spinner\" type=\"submit\" value=\"G\u1eedi\" \/>\n<\/p><div class=\"wpcf7-response-output\" aria-hidden=\"true\"><\/div>\n<\/form>\n<\/div>\n\n\t\t<\/div>\n\t\t\t\t\n<style>\n#col-1669862548 > .col-inner {\n  padding: 15px 45px 0px 45px;\n  border-radius: 10px;\n}\n<\/style>\n\t<\/div>\n\n\t\n<\/div>\n\t\t<\/div>\n\n\t\t\n<style>\n#section_238452345 {\n  padding-top: 30px;\n  padding-bottom: 30px;\n  background-color: rgb(246, 246, 246);\n}\n<\/style>\n\t<\/section>\n\t\n\n<p><iframe src=\"https:\/\/www.google.com\/maps\/embed?pb=!1m14!1m8!1m3!1d31340.647774145677!2d106.761023!3d10.919416!3m2!1i1024!2i768!4f13.1!3m3!1m2!1s0x3174d9455dc03b47%3A0x1ba8a1bb6273de06!2zQ8OUTkcgVFkgVE5ISCBUTSAmIEdJ4bqiSSBQSMOBUCBDw5RORyBOR0jhu4YgxJDDlE5HIE5BTQ!5e0!3m2!1svi!2sus!4v1722871913112!5m2!1svi!2sus\" width=\"100%\" height=\"450\" style=\"border:0;\" allowfullscreen=\"\" loading=\"lazy\" referrerpolicy=\"no-referrer-when-downgrade\"><\/iframe><br \/>\n\n","protected":false},"excerpt":{"rendered":"","protected":false},"author":1,"featured_media":0,"parent":0,"menu_order":0,"comment_status":"closed","ping_status":"closed","template":"page-blank.php","meta":{"_acf_changed":false,"footnotes":""},"class_list":["post-17","page","type-page","status-publish","hentry"],"acf":[],"_links":{"self":[{"href":"https:\/\/gara2.uxthemes.net\/index.php?rest_route=\/wp\/v2\/pages\/17","targetHints":{"allow":["GET"]}}],"collection":[{"href":"https:\/\/gara2.uxthemes.net\/index.php?rest_route=\/wp\/v2\/pages"}],"about":[{"href":"https:\/\/gara2.uxthemes.net\/index.php?rest_route=\/wp\/v2\/types\/page"}],"author":[{"embeddable":true,"href":"https:\/\/gara2.uxthemes.net\/index.php?rest_route=\/wp\/v2\/users\/1"}],"replies":[{"embeddable":true,"href":"https:\/\/gara2.uxthemes.net\/index.php?rest_route=%2Fwp%2Fv2%2Fcomments&post=17"}],"version-history":[{"count":10,"href":"https:\/\/gara2.uxthemes.net\/index.php?rest_route=\/wp\/v2\/pages\/17\/revisions"}],"predecessor-version":[{"id":511,"href":"https:\/\/gara2.uxthemes.net\/index.php?rest_route=\/wp\/v2\/pages\/17\/revisions\/511"}],"wp:attachment":[{"href":"https:\/\/gara2.uxthemes.net\/index.php?rest_route=%2Fwp%2Fv2%2Fmedia&parent=17"}],"curies":[{"name":"wp","href":"https:\/\/api.w.org\/{rel}","templated":true}]}}