{"id":11,"date":"2024-07-30T13:09:03","date_gmt":"2024-07-30T13:09:03","guid":{"rendered":"https:\/\/gara2.uxthemes.net\/?page_id=11"},"modified":"2024-08-09T09:09:43","modified_gmt":"2024-08-09T02:09:43","slug":"gioi-thieu","status":"publish","type":"page","link":"https:\/\/gara2.uxthemes.net\/?page_id=11","title":{"rendered":"Gi\u1edbi thi\u1ec7u"},"content":{"rendered":"\t<div id=\"text-3786103300\" class=\"text\">\n\t\t\n<p>vi\u1ebft b\u00e0i gi\u1edbi thi\u00eau v\u1ec1 \u0110\u1ea1i L\u00fd \u0110\u1ecdc quy\u1ec1n nh\u1edbt Shell<\/p>\n<hr \/>\n<h3>Gi\u1edbi thi\u1ec7u v\u1ec1 \u0110\u1ea1i L\u00fd \u0110\u1ecdc quy\u1ec1n nh\u1edbt Shell<\/h3>\n<p>\u0110\u1ea1i l\u00fd \u0110\u1ecdc quy\u1ec1n nh\u1edbt Shell l\u00e0 m\u1ed9t trong nh\u1eefng nh\u00e0 ph\u00e2n ph\u1ed1i h\u00e0ng \u0111\u1ea7u c\u00e1c s\u1ea3n ph\u1ea9m nh\u1edbt v\u00e0 nhi\u00ean li\u1ec7u t\u1ea1i Vi\u1ec7t Nam. V\u1edbi nhi\u1ec1u n\u0103m kinh nghi\u1ec7m trong ng\u00e0nh, \u0111\u1ea1i l\u00fd \u0111\u00e3 x\u00e2y d\u1ef1ng \u0111\u01b0\u1ee3c l\u00f2ng tin t\u1eeb kh\u00e1ch h\u00e0ng nh\u1edd v\u00e0o ch\u1ea5t l\u01b0\u1ee3ng s\u1ea3n ph\u1ea9m v\u01b0\u1ee3t tr\u1ed9i v\u00e0 d\u1ecbch v\u1ee5 t\u1eadn t\u00e2m.<\/p>\n<p><img loading=\"lazy\" decoding=\"async\" class=\"alignnone size-full wp-image-546\" src=\"https:\/\/gara2.uxthemes.net\/wp-content\/uploads\/2024\/08\/632ef8a117fe2c20ed4838e0_800x0xcover_FpflESve-1.jpg\" width=\"800\" height=\"450\" alt=\"\" \/><\/p>\n<h4>Ch\u1ea5t l\u01b0\u1ee3ng s\u1ea3n ph\u1ea9m<\/h4>\n<p>C\u00e1c s\u1ea3n ph\u1ea9m nh\u1edbt c\u1ee7a Shell \u0111\u01b0\u1ee3c s\u1ea3n xu\u1ea5t theo c\u00f4ng ngh\u1ec7 hi\u1ec7n \u0111\u1ea1i, \u0111\u00e1p \u1ee9ng ti\u00eau chu\u1ea9n qu\u1ed1c t\u1ebf. Nh\u1edbt Shell kh\u00f4ng ch\u1ec9 gi\u00fap b\u1ea3o v\u1ec7 \u0111\u1ed9ng c\u01a1 m\u00e0 c\u00f2n n\u00e2ng cao hi\u1ec7u su\u1ea5t l\u00e0m vi\u1ec7c, gi\u1ea3m thi\u1ec3u hao m\u00f2n v\u00e0 ti\u1ebft ki\u1ec7m nhi\u00ean li\u1ec7u. C\u00e1c d\u00f2ng s\u1ea3n ph\u1ea9m n\u1ed5i b\u1eadt bao g\u1ed3m:<\/p>\n<ul>\n<li><strong>Shell Helix<\/strong>: Nh\u1edbt \u0111\u1ed9ng c\u01a1 cao c\u1ea5p, th\u00edch h\u1ee3p cho c\u1ea3 xe h\u01a1i v\u00e0 xe m\u00e1y.<\/li>\n<li><strong>Shell Rimula<\/strong>: Nh\u1edbt d\u00e0nh cho \u0111\u1ed9ng c\u01a1 diesel, chuy\u00ean d\u1ee5ng cho xe t\u1ea3i v\u00e0 m\u00e1y m\u00f3c c\u00f4ng tr\u00ecnh.<\/li>\n<\/ul>\n<h4>D\u1ecbch v\u1ee5 kh\u00e1ch h\u00e0ng<\/h4>\n<p>\u0110\u1ea1i l\u00fd \u0110\u1ecdc quy\u1ec1n nh\u1edbt Shell cam k\u1ebft mang \u0111\u1ebfn cho kh\u00e1ch h\u00e0ng d\u1ecbch v\u1ee5 t\u1ed1t nh\u1ea5t. \u0110\u1ed9i ng\u0169 nh\u00e2n vi\u00ean chuy\u00ean nghi\u1ec7p, gi\u00e0u kinh nghi\u1ec7m s\u1eb5n s\u00e0ng t\u01b0 v\u1ea5n v\u00e0 h\u1ed7 tr\u1ee3 kh\u00e1ch h\u00e0ng trong vi\u1ec7c ch\u1ecdn l\u1ef1a s\u1ea3n ph\u1ea9m ph\u00f9 h\u1ee3p v\u1edbi nhu c\u1ea7u. Ngo\u00e0i ra, \u0111\u1ea1i l\u00fd c\u0169ng th\u01b0\u1eddng xuy\u00ean t\u1ed5 ch\u1ee9c c\u00e1c ch\u01b0\u01a1ng tr\u00ecnh khuy\u1ebfn m\u00e3i h\u1ea5p d\u1eabn \u0111\u1ec3 tri \u00e2n kh\u00e1ch h\u00e0ng.<\/p>\n<p><img loading=\"lazy\" decoding=\"async\" class=\"alignnone size-full wp-image-547\" src=\"https:\/\/gara2.uxthemes.net\/wp-content\/uploads\/2024\/08\/20220210_bdb19a864cacb888b7d2e1fb5d277c42_1644483516-1-1-1.jpg\" width=\"640\" height=\"427\" alt=\"Shell advance xe c\u00f4ng ngh\u1ec7 motorcycle 10w40 08l - 4\" \/><\/p>\n<h4>Cam k\u1ebft ch\u1ea5t l\u01b0\u1ee3ng<\/h4>\n<p>V\u1edbi ti\u00eau ch\u00ed &#8220;Ch\u1ea5t l\u01b0\u1ee3ng l\u00e0 h\u00e0ng \u0111\u1ea7u&#8221;, \u0110\u1ea1i l\u00fd \u0110\u1ecdc quy\u1ec1n nh\u1edbt Shell lu\u00f4n \u0111\u1ea3m b\u1ea3o r\u1eb1ng m\u1ecdi s\u1ea3n ph\u1ea9m cung c\u1ea5p \u0111\u1ec1u ch\u00ednh h\u00e3ng v\u00e0 \u0111\u1ea1t ti\u00eau chu\u1ea9n ch\u1ea5t l\u01b0\u1ee3ng. Ch\u00fang t\u00f4i kh\u00f4ng ng\u1eebng c\u1ea3i ti\u1ebfn quy tr\u00ecnh b\u00e1n h\u00e0ng v\u00e0 d\u1ecbch v\u1ee5 h\u1eadu m\u00e3i \u0111\u1ec3 ph\u1ee5c v\u1ee5 kh\u00e1ch h\u00e0ng t\u1ed1t nh\u1ea5t.<\/p>\n<h3>K\u1ebft lu\u1eadn<\/h3>\n<p>\u0110\u1ea1i l\u00fd \u0110\u1ecdc quy\u1ec1n nh\u1edbt Shell t\u1ef1 h\u00e0o l\u00e0 s\u1ef1 l\u1ef1a ch\u1ecdn h\u00e0ng \u0111\u1ea7u cho nh\u1eefng ai \u0111ang t\u00ecm ki\u1ebfm s\u1ea3n ph\u1ea9m nh\u1edbt ch\u1ea5t l\u01b0\u1ee3ng cao. H\u00e3y \u0111\u1ebfn v\u1edbi ch\u00fang t\u00f4i \u0111\u1ec3 tr\u1ea3i nghi\u1ec7m d\u1ecbch v\u1ee5 chu \u0111\u00e1o v\u00e0 s\u1ea3n ph\u1ea9m \u01b0u vi\u1ec7t!<\/p>\n\t\t\n<style>\n#text-3786103300 {\n  text-align: left;\n}\n<\/style>\n\t<\/div>\n\t\n","protected":false},"excerpt":{"rendered":"","protected":false},"author":1,"featured_media":0,"parent":0,"menu_order":0,"comment_status":"closed","ping_status":"closed","template":"","meta":{"_acf_changed":false,"footnotes":""},"class_list":["post-11","page","type-page","status-publish","hentry"],"acf":[],"_links":{"self":[{"href":"https:\/\/gara2.uxthemes.net\/index.php?rest_route=\/wp\/v2\/pages\/11","targetHints":{"allow":["GET"]}}],"collection":[{"href":"https:\/\/gara2.uxthemes.net\/index.php?rest_route=\/wp\/v2\/pages"}],"about":[{"href":"https:\/\/gara2.uxthemes.net\/index.php?rest_route=\/wp\/v2\/types\/page"}],"author":[{"embeddable":true,"href":"https:\/\/gara2.uxthemes.net\/index.php?rest_route=\/wp\/v2\/users\/1"}],"replies":[{"embeddable":true,"href":"https:\/\/gara2.uxthemes.net\/index.php?rest_route=%2Fwp%2Fv2%2Fcomments&post=11"}],"version-history":[{"count":4,"href":"https:\/\/gara2.uxthemes.net\/index.php?rest_route=\/wp\/v2\/pages\/11\/revisions"}],"predecessor-version":[{"id":548,"href":"https:\/\/gara2.uxthemes.net\/index.php?rest_route=\/wp\/v2\/pages\/11\/revisions\/548"}],"wp:attachment":[{"href":"https:\/\/gara2.uxthemes.net\/index.php?rest_route=%2Fwp%2Fv2%2Fmedia&parent=11"}],"curies":[{"name":"wp","href":"https:\/\/api.w.org\/{rel}","templated":true}]}}